{"id":760,"date":"2021-06-01T17:55:03","date_gmt":"2021-06-01T17:55:03","guid":{"rendered":"http:\/\/oowv.vlba.net\/?page_id=760"},"modified":"2021-09-23T18:53:03","modified_gmt":"2021-09-23T18:53:03","slug":"indicate-aktuelles","status":"publish","type":"page","link":"https:\/\/oowv.vlba.net\/index.php\/indicate-aktuelles\/","title":{"rendered":"INDICATE &#8211; Aktuelles"},"content":{"rendered":"\n<div class=\"wp-block-group\"><div class=\"wp-block-group__inner-container is-layout-flow wp-block-group-is-layout-flow\"><ul class=\"wp-block-latest-posts__list is-grid columns-2 has-dates alignleft wp-block-latest-posts\"><li><div class=\"wp-block-latest-posts__featured-image\"><a href=\"https:\/\/oowv.vlba.net\/index.php\/2022\/03\/31\/abschluss-der-projektgruppe-indicate\/\" aria-label=\"Abschluss der Projektgruppe INDICATE\"><img loading=\"lazy\" decoding=\"async\" width=\"1024\" height=\"500\" src=\"https:\/\/oowv.vlba.net\/wp-content\/uploads\/2022\/03\/abschluss-1024x500.png\" class=\"attachment-large size-large wp-post-image\" alt=\"\" style=\"\" srcset=\"https:\/\/oowv.vlba.net\/wp-content\/uploads\/2022\/03\/abschluss-1024x500.png 1024w, https:\/\/oowv.vlba.net\/wp-content\/uploads\/2022\/03\/abschluss-300x146.png 300w, https:\/\/oowv.vlba.net\/wp-content\/uploads\/2022\/03\/abschluss-768x375.png 768w, https:\/\/oowv.vlba.net\/wp-content\/uploads\/2022\/03\/abschluss-830x405.png 830w, https:\/\/oowv.vlba.net\/wp-content\/uploads\/2022\/03\/abschluss-230x112.png 230w, https:\/\/oowv.vlba.net\/wp-content\/uploads\/2022\/03\/abschluss-350x171.png 350w, https:\/\/oowv.vlba.net\/wp-content\/uploads\/2022\/03\/abschluss-480x234.png 480w, https:\/\/oowv.vlba.net\/wp-content\/uploads\/2022\/03\/abschluss.png 1104w\" sizes=\"auto, (max-width: 1024px) 100vw, 1024px\" \/><\/a><\/div><a class=\"wp-block-latest-posts__post-title\" href=\"https:\/\/oowv.vlba.net\/index.php\/2022\/03\/31\/abschluss-der-projektgruppe-indicate\/\">Abschluss der Projektgruppe INDICATE<\/a><time datetime=\"2022-03-31T22:01:11+02:00\" class=\"wp-block-latest-posts__post-date\">M\u00e4rz 31, 2022<\/time><div class=\"wp-block-latest-posts__post-excerpt\">Mit der Abschlusspr\u00e4sentation der Projektgruppe INDICATE am 01.04. (Weitere Informationen hier) neigt sich die einj\u00e4hrige Projektarbeit dem Ende entgegen. Es wurde sich innerhalb dieses Jahres mit den Themen Digital Twins und Predictive Maintenance im Kontext zum Wasserwerk auf der Insel Langeoog auseinandergesetzt. Der Projektpartner war dabei der OOWV. Als zentraler Anwendungsfall wurden die Reinwasserpumpen im [&hellip;]<\/div><\/li>\n<li><div class=\"wp-block-latest-posts__featured-image\"><a href=\"https:\/\/oowv.vlba.net\/index.php\/2022\/03\/10\/indicate-abschlussprasentation-am-01-04-um-10-uhr\/\" aria-label=\"INDICATE: Abschlusspr\u00e4sentation am 01.04. um 10 Uhr\"><img loading=\"lazy\" decoding=\"async\" width=\"1024\" height=\"472\" src=\"https:\/\/oowv.vlba.net\/wp-content\/uploads\/2022\/03\/bild_einladung_3-1024x472.png\" class=\"attachment-large size-large wp-post-image\" alt=\"\" style=\"\" srcset=\"https:\/\/oowv.vlba.net\/wp-content\/uploads\/2022\/03\/bild_einladung_3-1024x472.png 1024w, https:\/\/oowv.vlba.net\/wp-content\/uploads\/2022\/03\/bild_einladung_3-300x138.png 300w, https:\/\/oowv.vlba.net\/wp-content\/uploads\/2022\/03\/bild_einladung_3-768x354.png 768w, https:\/\/oowv.vlba.net\/wp-content\/uploads\/2022\/03\/bild_einladung_3-830x383.png 830w, https:\/\/oowv.vlba.net\/wp-content\/uploads\/2022\/03\/bild_einladung_3-230x106.png 230w, https:\/\/oowv.vlba.net\/wp-content\/uploads\/2022\/03\/bild_einladung_3-350x161.png 350w, https:\/\/oowv.vlba.net\/wp-content\/uploads\/2022\/03\/bild_einladung_3-480x221.png 480w, https:\/\/oowv.vlba.net\/wp-content\/uploads\/2022\/03\/bild_einladung_3.png 1080w\" sizes=\"auto, (max-width: 1024px) 100vw, 1024px\" \/><\/a><\/div><a class=\"wp-block-latest-posts__post-title\" href=\"https:\/\/oowv.vlba.net\/index.php\/2022\/03\/10\/indicate-abschlussprasentation-am-01-04-um-10-uhr\/\">INDICATE: Abschlusspr\u00e4sentation am 01.04. um 10 Uhr<\/a><time datetime=\"2022-03-10T17:49:21+01:00\" class=\"wp-block-latest-posts__post-date\">M\u00e4rz 10, 2022<\/time><div class=\"wp-block-latest-posts__post-excerpt\">Am 01.04.22 um 10 Uhr findet die Abschlusspr\u00e4sentation der Projektgruppe INDICATE statt. Dort werden die Ergebnisse der einj\u00e4hrigen Projektarbeit zu den Themen Digital Twins und Predictive Maintenance im Kontext zum Wasserwerk auf der Insel Langeoog pr\u00e4sentiert. An der Pr\u00e4sentation kann \u00fcber das Online-Konferenztool BigBlueButton der Universit\u00e4t Oldenburg \u00fcber folgenden Link teilgenommen werden: https:\/\/meeting.uol.de\/b\/hei-obl-dbf-gkh Die Pr\u00e4sentation [&hellip;]<\/div><\/li>\n<li><div class=\"wp-block-latest-posts__featured-image\"><a href=\"https:\/\/oowv.vlba.net\/index.php\/2022\/02\/16\/letzte-wochen-der-projektgruppe-haben-begonnen\/\" aria-label=\"Letzte Wochen der Projektgruppe haben begonnen\"><img loading=\"lazy\" decoding=\"async\" width=\"1024\" height=\"457\" src=\"https:\/\/oowv.vlba.net\/wp-content\/uploads\/2022\/02\/artikel3_header-1024x457.png\" class=\"attachment-large size-large wp-post-image\" alt=\"\" style=\"\" srcset=\"https:\/\/oowv.vlba.net\/wp-content\/uploads\/2022\/02\/artikel3_header-1024x457.png 1024w, https:\/\/oowv.vlba.net\/wp-content\/uploads\/2022\/02\/artikel3_header-300x134.png 300w, https:\/\/oowv.vlba.net\/wp-content\/uploads\/2022\/02\/artikel3_header-768x343.png 768w, https:\/\/oowv.vlba.net\/wp-content\/uploads\/2022\/02\/artikel3_header-1536x685.png 1536w, https:\/\/oowv.vlba.net\/wp-content\/uploads\/2022\/02\/artikel3_header-2048x913.png 2048w, https:\/\/oowv.vlba.net\/wp-content\/uploads\/2022\/02\/artikel3_header-830x370.png 830w, https:\/\/oowv.vlba.net\/wp-content\/uploads\/2022\/02\/artikel3_header-230x103.png 230w, https:\/\/oowv.vlba.net\/wp-content\/uploads\/2022\/02\/artikel3_header-350x156.png 350w, https:\/\/oowv.vlba.net\/wp-content\/uploads\/2022\/02\/artikel3_header-480x214.png 480w\" sizes=\"auto, (max-width: 1024px) 100vw, 1024px\" \/><\/a><\/div><a class=\"wp-block-latest-posts__post-title\" href=\"https:\/\/oowv.vlba.net\/index.php\/2022\/02\/16\/letzte-wochen-der-projektgruppe-haben-begonnen\/\">Letzte Wochen der Projektgruppe haben begonnen<\/a><time datetime=\"2022-02-16T13:47:01+01:00\" class=\"wp-block-latest-posts__post-date\">Februar 16, 2022<\/time><div class=\"wp-block-latest-posts__post-excerpt\">Mittlerweile sind die letzten Wochen der Projektgruppe INDICATE angebrochen, welche noch bis Anfang April l\u00e4uft. Seit der letzten Pr\u00e4sentation im Oktober wurde das Informationssystem um weitere Funktionen erg\u00e4nzt. So wurde sich daf\u00fcr entschieden, weitgehend ein Expertensystem aufzubauen, damit Experten auf Basis der ihnen zur Verf\u00fcgung gestellten Daten und Algorithmen Entscheidungen \u00fcber Komponenten, wie z. B. [&hellip;]<\/div><\/li>\n<li><div class=\"wp-block-latest-posts__featured-image\"><a href=\"https:\/\/oowv.vlba.net\/index.php\/2021\/10\/05\/indicate-nachste-zwischenprasentation-am-22-10-um-14-uhr\/\" aria-label=\"INDICATE: N\u00e4chste Zwischenpr\u00e4sentation am 22.10. um 14 Uhr\"><img loading=\"lazy\" decoding=\"async\" width=\"1024\" height=\"472\" src=\"https:\/\/oowv.vlba.net\/wp-content\/uploads\/2021\/10\/einladung_artikel_v2-1024x472.png\" class=\"attachment-large size-large wp-post-image\" alt=\"\" style=\"\" srcset=\"https:\/\/oowv.vlba.net\/wp-content\/uploads\/2021\/10\/einladung_artikel_v2-1024x472.png 1024w, https:\/\/oowv.vlba.net\/wp-content\/uploads\/2021\/10\/einladung_artikel_v2-300x138.png 300w, https:\/\/oowv.vlba.net\/wp-content\/uploads\/2021\/10\/einladung_artikel_v2-768x354.png 768w, https:\/\/oowv.vlba.net\/wp-content\/uploads\/2021\/10\/einladung_artikel_v2-830x383.png 830w, https:\/\/oowv.vlba.net\/wp-content\/uploads\/2021\/10\/einladung_artikel_v2-230x106.png 230w, https:\/\/oowv.vlba.net\/wp-content\/uploads\/2021\/10\/einladung_artikel_v2-350x161.png 350w, https:\/\/oowv.vlba.net\/wp-content\/uploads\/2021\/10\/einladung_artikel_v2-480x221.png 480w, https:\/\/oowv.vlba.net\/wp-content\/uploads\/2021\/10\/einladung_artikel_v2.png 1080w\" sizes=\"auto, (max-width: 1024px) 100vw, 1024px\" \/><\/a><\/div><a class=\"wp-block-latest-posts__post-title\" href=\"https:\/\/oowv.vlba.net\/index.php\/2021\/10\/05\/indicate-nachste-zwischenprasentation-am-22-10-um-14-uhr\/\">INDICATE: N\u00e4chste Zwischenpr\u00e4sentation am 22.10. um 14 Uhr<\/a><time datetime=\"2021-10-05T15:27:33+02:00\" class=\"wp-block-latest-posts__post-date\">Oktober 5, 2021<\/time><div class=\"wp-block-latest-posts__post-excerpt\">Am 22.10.21 um 14 Uhr findet die n\u00e4chste Zwischenpr\u00e4sentation der Projektgruppe INDICATE zum Halbjahres-Meilenstein statt. Dort werden die Fortschritte der letzten Monate zu den Themen Digital Twins und Predictive Maintenance im Kontext zum Wasserwerk auf der Insel Langeoog pr\u00e4sentiert. An der Pr\u00e4sentation kann \u00fcber das Online-Konferenztool BigBlueButton der Universit\u00e4t Oldenburg \u00fcber folgenden Link teilgenommen werden: [&hellip;]<\/div><\/li>\n<li><div class=\"wp-block-latest-posts__featured-image\"><a href=\"https:\/\/oowv.vlba.net\/index.php\/2021\/09\/21\/fortschritte-auf-dem-weg-zu-predictive-maintenance\/\" aria-label=\"Fortschritte auf dem Weg zu Predictive Maintenance\"><img loading=\"lazy\" decoding=\"async\" width=\"1024\" height=\"505\" src=\"https:\/\/oowv.vlba.net\/wp-content\/uploads\/2021\/09\/artikel2_header-1024x505.png\" class=\"attachment-large size-large wp-post-image\" alt=\"\" style=\"\" srcset=\"https:\/\/oowv.vlba.net\/wp-content\/uploads\/2021\/09\/artikel2_header-1024x505.png 1024w, https:\/\/oowv.vlba.net\/wp-content\/uploads\/2021\/09\/artikel2_header-300x148.png 300w, https:\/\/oowv.vlba.net\/wp-content\/uploads\/2021\/09\/artikel2_header-768x378.png 768w, https:\/\/oowv.vlba.net\/wp-content\/uploads\/2021\/09\/artikel2_header-1536x757.png 1536w, https:\/\/oowv.vlba.net\/wp-content\/uploads\/2021\/09\/artikel2_header-830x409.png 830w, https:\/\/oowv.vlba.net\/wp-content\/uploads\/2021\/09\/artikel2_header-230x113.png 230w, https:\/\/oowv.vlba.net\/wp-content\/uploads\/2021\/09\/artikel2_header-350x172.png 350w, https:\/\/oowv.vlba.net\/wp-content\/uploads\/2021\/09\/artikel2_header-480x237.png 480w, https:\/\/oowv.vlba.net\/wp-content\/uploads\/2021\/09\/artikel2_header.png 1920w\" sizes=\"auto, (max-width: 1024px) 100vw, 1024px\" \/><\/a><\/div><a class=\"wp-block-latest-posts__post-title\" href=\"https:\/\/oowv.vlba.net\/index.php\/2021\/09\/21\/fortschritte-auf-dem-weg-zu-predictive-maintenance\/\">Fortschritte auf dem Weg zu Predictive Maintenance<\/a><time datetime=\"2021-09-21T06:00:00+02:00\" class=\"wp-block-latest-posts__post-date\">September 21, 2021<\/time><div class=\"wp-block-latest-posts__post-excerpt\">Im Anwendungsfall der Reinwasserpumpen im Wasserwerk auf Langeoog gab es in den letzten Wochen einige Fortschritte in der Projektgruppe INDICATE. Dieser Anwendungsfall besch\u00e4ftigt sich damit, Instandhaltungsprozesse von Pumpen zu optimieren. Dazu sollen Digital Twins der Komponenten erstellt werden und die Instandhaltungsstrategie Predictive Maintenance durchgef\u00fchrt werden. So besteht die M\u00f6glichkeit eine bessere Planung der Instandhaltung zu [&hellip;]<\/div><\/li>\n<\/ul><\/div><\/div>\n\n\n\n<div class=\"wp-block-group\"><div class=\"wp-block-group__inner-container is-layout-flow wp-block-group-is-layout-flow\">\n<div class=\"wp-block-columns is-layout-flex wp-container-core-columns-is-layout-28f84493 wp-block-columns-is-layout-flex\">\n<div class=\"wp-block-column is-layout-flow wp-block-column-is-layout-flow\" style=\"flex-basis:100%\">\n<div class=\"wp-block-columns alignfull are-vertically-aligned-center is-layout-flex wp-container-core-columns-is-layout-28f84493 wp-block-columns-is-layout-flex\">\n<div class=\"wp-block-column is-vertically-aligned-center is-layout-flow wp-block-column-is-layout-flow\" style=\"flex-basis:100%\"><\/div>\n<\/div>\n<\/div>\n<\/div>\n<\/div><\/div>\n\n\n\n<p><\/p>\n","protected":false},"excerpt":{"rendered":"","protected":false},"author":5,"featured_media":0,"parent":0,"menu_order":0,"comment_status":"closed","ping_status":"closed","template":"elementor_theme","meta":{"footnotes":""},"class_list":["post-760","page","type-page","status-publish","hentry"],"_links":{"self":[{"href":"https:\/\/oowv.vlba.net\/index.php\/wp-json\/wp\/v2\/pages\/760","targetHints":{"allow":["GET"]}}],"collection":[{"href":"https:\/\/oowv.vlba.net\/index.php\/wp-json\/wp\/v2\/pages"}],"about":[{"href":"https:\/\/oowv.vlba.net\/index.php\/wp-json\/wp\/v2\/types\/page"}],"author":[{"embeddable":true,"href":"https:\/\/oowv.vlba.net\/index.php\/wp-json\/wp\/v2\/users\/5"}],"replies":[{"embeddable":true,"href":"https:\/\/oowv.vlba.net\/index.php\/wp-json\/wp\/v2\/comments?post=760"}],"version-history":[{"count":27,"href":"https:\/\/oowv.vlba.net\/index.php\/wp-json\/wp\/v2\/pages\/760\/revisions"}],"predecessor-version":[{"id":911,"href":"https:\/\/oowv.vlba.net\/index.php\/wp-json\/wp\/v2\/pages\/760\/revisions\/911"}],"wp:attachment":[{"href":"https:\/\/oowv.vlba.net\/index.php\/wp-json\/wp\/v2\/media?parent=760"}],"curies":[{"name":"wp","href":"https:\/\/api.w.org\/{rel}","templated":true}]}}