{"id":758,"date":"2021-05-07T11:50:33","date_gmt":"2021-05-07T11:50:33","guid":{"rendered":"http:\/\/oowv.vlba.net\/?page_id=758"},"modified":"2024-03-12T12:43:48","modified_gmt":"2024-03-12T11:43:48","slug":"indicate-informationen","status":"publish","type":"page","link":"https:\/\/oowv.vlba.net\/index.php\/indicate-informationen\/","title":{"rendered":"INDICATE &#8211; Informationen"},"content":{"rendered":"\n<h4 class=\"wp-block-heading\">\u00dcber INDICATE<\/h4>\n\n\n\n<p>Die Projektgruppe INDICATE ist Teil der Forschungskooperation WISdoM 2.0, einer Kooperation zwischen der Abteilung Wirtschaftsinformatik\/VLBA an der Carl von Ossietzky Universit\u00e4t Oldenburg und dem Oldenburgisch-Ostfriesischen Wasserverband, die sich mit den Themen Digital Twins und Predictive Maintenance auseinandersetzt. Das Ziel der Projektgruppe ist es, mithilfe eines Digital Twins die Instandhaltung der Wasserinfrastruktur auf der Insel Langeoog zu verbessern.<\/p>\n\n\n\n<h4 class=\"wp-block-heading\">&nbsp;<\/h4>\n\n\n\n<h4 class=\"wp-block-heading\">Themen<\/h4>\n\n\n\n<h6 class=\"wp-block-heading\">Digital Twin<\/h6>\n\n\n\n<p>Unter einem Digital Twin ist im Allgemeinen eine virtuelle Abbildung eines realen Objekts zu verstehen, welche dazu dient, eine Live-Visualisierung und -fernanpassung einzelner Komponenten, z. B. des Wasserwerks, zu erm\u00f6glichen. Dies kann durch Daten, die unter Anderem durch Sensoren zur Verf\u00fcgung stehen und den Live-Status des realen Objekts abbilden, realisiert werden. Auf Basis eines Digital Twins und der zur Verf\u00fcgung stehenden Daten k\u00f6nnen dann Instandhaltungsstrategien, wie z. B. Predictive Maintenance, umgesetzt werden.<\/p>\n\n\n\n<h6 class=\"wp-block-heading\">Instandhaltung und Predictive Maintenance<\/h6>\n\n\n\n<p>Die Instandhaltung dient der Erhaltung oder Wiederherstellung des funktionsf\u00e4higen Zustands einer Betrachtungseinheit w\u00e4hrend seines Lebenszyklus. Dazu werden die vier grundlegenden Ma\u00dfnahmen Wartung, Inspektion, Instandhaltung sowie Verbesserung verwendet, um Einfluss auf die Zustands\u00e4nderungen der Betrachtungseinheit zu nehmen, um so die Sicherheit, Verf\u00fcgbarkeit, Zuverl\u00e4ssigkeit sowie Werterhaltung der Betrachtungseinheit zu gew\u00e4hrleisten. Die Planung zur Durchf\u00fchrung der Ma\u00dfnahmen wird durch den Einsatz einer Instandhaltungsstrategie definiert. Die Strategien lassen sich anhand ihrer Komplexit\u00e4t differenzieren, sodass die Auswahl zwischen der reaktiven, pr\u00e4ventiven, pr\u00e4diktiven oder aber auch der smarten Instandhaltung vorgenommen werden kann. Durch die pr\u00e4diktive Instandhaltung bzw. predictive Maintenance wird das Vorhersagen von Fehlern oder Verschlei\u00df von Komponenten realisiert, um Instandhaltungsprozesse optimaler planen zu k\u00f6nnen.<\/p>\n\n\n\n<h4 class=\"wp-block-heading\">Vorgehen<\/h4>\n\n\n\n<p>In der Gruppe werden verschiedene Anwendungsf\u00e4lle der Wasserwirtschaft behandelt und evaluiert, wie diese sich als Digital Twin umsetzen lassen. Zu diesen Bereichen der Anwendungsf\u00e4lle geh\u00f6ren unter anderem F\u00f6rderbrunnen und Pumpen, die S\u00fc\u00dfwasserlinse unter Langeoog sowie das Wasser- und Leitungsnetz im Allgemeinen. Als Hauptanwendungsfall haben sich f\u00fcr die Projektgruppe Pumpen im Wasserwerk auf Langeoog herausgestellt, welche im Projektverlauf mit Sensoren ausgestattet wurden. Die Daten dieser Sensoren dienen dazu, Predictive Maintenance umzusetzen. Der Digital Twin wird schlie\u00dflich, verkn\u00fcpft mit Predictive Maintenance, in das bestehende WiSdoM-Informationssystem integriert.<\/p>\n","protected":false},"excerpt":{"rendered":"<p>\u00dcber INDICATE Die Projektgruppe INDICATE ist Teil der Forschungskooperation WISdoM 2.0, einer Kooperation zwischen der Abteilung Wirtschaftsinformatik\/VLBA an der Carl von Ossietzky Universit\u00e4t Oldenburg und dem Oldenburgisch-Ostfriesischen Wasserverband, die sich mit den Themen Digital Twins und Predictive Maintenance auseinandersetzt. Das Ziel der Projektgruppe ist es, mithilfe eines Digital Twins die Instandhaltung der Wasserinfrastruktur auf der [&hellip;]<\/p>\n","protected":false},"author":5,"featured_media":0,"parent":0,"menu_order":0,"comment_status":"closed","ping_status":"closed","template":"","meta":{"footnotes":""},"class_list":["post-758","page","type-page","status-publish","hentry"],"_links":{"self":[{"href":"https:\/\/oowv.vlba.net\/index.php\/wp-json\/wp\/v2\/pages\/758","targetHints":{"allow":["GET"]}}],"collection":[{"href":"https:\/\/oowv.vlba.net\/index.php\/wp-json\/wp\/v2\/pages"}],"about":[{"href":"https:\/\/oowv.vlba.net\/index.php\/wp-json\/wp\/v2\/types\/page"}],"author":[{"embeddable":true,"href":"https:\/\/oowv.vlba.net\/index.php\/wp-json\/wp\/v2\/users\/5"}],"replies":[{"embeddable":true,"href":"https:\/\/oowv.vlba.net\/index.php\/wp-json\/wp\/v2\/comments?post=758"}],"version-history":[{"count":11,"href":"https:\/\/oowv.vlba.net\/index.php\/wp-json\/wp\/v2\/pages\/758\/revisions"}],"predecessor-version":[{"id":1122,"href":"https:\/\/oowv.vlba.net\/index.php\/wp-json\/wp\/v2\/pages\/758\/revisions\/1122"}],"wp:attachment":[{"href":"https:\/\/oowv.vlba.net\/index.php\/wp-json\/wp\/v2\/media?parent=758"}],"curies":[{"name":"wp","href":"https:\/\/api.w.org\/{rel}","templated":true}]}}