{"id":422,"date":"2019-09-03T12:38:11","date_gmt":"2019-09-03T12:38:11","guid":{"rendered":"http:\/\/oowv.vlba.net\/?page_id=422"},"modified":"2024-03-12T12:43:25","modified_gmt":"2024-03-12T11:43:25","slug":"abschlussarbeiten","status":"publish","type":"page","link":"https:\/\/oowv.vlba.net\/index.php\/abschlussarbeiten\/","title":{"rendered":"Abschlussarbeiten"},"content":{"rendered":"\n<figure class=\"wp-block-image size-large\"><img decoding=\"async\" src=\"https:\/\/oowv.vlba.net\/wp-content\/uploads\/2019\/09\/academy-celebrate-celebration-267885-1024x314.jpg\" alt=\"\"\/><\/figure>\n\n\n\n<h2 class=\"wp-block-heading\">Offene Abschlussarbeiten<\/h2>\n\n\n\n<p><a href=\"https:\/\/oowv.vlba.net-content\/uploads\/2020\/12\/Ausschreibung-Energieleistungskennzahlen-in-der-Wasserwirtschaft.pdf\" target=\"_blank\" rel=\"noopener\">Masterarbeit: Energieleistungskennzahlen in der Wasserwirtschaft<\/a><\/p>\n\n\n\n<p><a href=\"https:\/\/oowv.vlba.net-content\/uploads\/2020\/12\/Ausschreibung-Prozessautomatisierung-mit-RPA-zur-Bearbeitung-von-Pr\u00fcfberichten.pdf\" target=\"_blank\" rel=\"noopener\">Bachelorarbeit: Prozessautomatisierung mit RPA zur Bearbeitung von Pr\u00fcfberichten<\/a><\/p>\n\n\n\n<p><a href=\"https:\/\/oowv.vlba.net-content\/uploads\/2020\/12\/Ausschreibung-Prozessautomatisierung-mit-RPA-im-Einkauf-4.0.pdf\" target=\"_blank\" rel=\"noopener\">Bachelorarbeit: Prozessautomatisierung mit RPA im Einkauf 4.0<\/a><\/p>\n\n\n\n<p>Du hast eine eigene Idee und m\u00f6chtest sie gerne in der Forschungskooperation schreiben?<\/p>\n\n\n\n<p>Melde dich einfach bei marius.wybrands[at]uol.de<\/p>\n\n\n\n<h2 class=\"wp-block-heading\">Abgeschlossene Abschlussarbeiten<\/h2>\n\n\n\n<p>laufend<\/p>\n\n\n\n<p>Masterarbeit: Validierung von numerischen Wettervorhersagen f\u00fcr das Verbandsgebiet eines Wasserversorgungsunternehmens<\/p>\n\n\n\n<p>laufend<\/p>\n\n\n\n<p>Masterarbeit: Entwicklung eines Vorgehens zur kollaborativen Gestaltung von Digital Innovation Units<\/p>\n\n\n\n<p>laufend<\/p>\n\n\n\n<p>Masterarbeit: Verbesserung des Wartungsprozesses von Pumpwerken<\/p>\n\n\n\n<p>laufend<\/p>\n\n\n\n<p>Bachelorarbeit: Digitalisierung von Labork\u00fchlsystemen in Trink- und Abwasserlaboren<\/p>\n\n\n\n<p>2020<\/p>\n\n\n\n<p>Bachelorarbeit: Minimierung des \u00dcber\ufb02utungsrisikos von Abw\u00e4ssern im Bremer Stadtgebiet<\/p>\n\n\n\n<p>2020<\/p>\n\n\n\n<p>Bachelorarbeit: &nbsp;RESTful API f\u00fcr den Deutschen Wetterdienst<\/p>\n\n\n\n<p>2020<\/p>\n\n\n\n<p>Masterarbeit: &nbsp;Beschreibung und Eignungsbestimmung von Datenquellen<\/p>\n\n\n\n<p>2020<\/p>\n\n\n\n<p>Masterarbeit: Potenzialanalyse von LoRaWAN in der Wasserwirtschaft am Beispiel von Grundwassermessstellen.<\/p>\n\n\n\n<p>2020<\/p>\n\n\n\n<p>Masterarbeit: Anomalieerkennung in Zeitreihen von Grundwassermessstellen<\/p>\n\n\n\n<p>2020<\/p>\n\n\n\n<p>Masterarbeit: Unterst\u00fctzung von Wartungsprozessen in Wasserwerken durch Augmented Reality<\/p>\n\n\n\n<p>2020<\/p>\n\n\n\n<p>Bachelorarbeit: Anforderungen an Open Data Plattformen<\/p>\n\n\n\n<p>2020<\/p>\n\n\n\n<p>Masterarbeit: Entwicklung einer Webapplikation zum KI-gest\u00fctzten <br>Umfeldscanning im Rahmen des Innovationsmanagements in <br>der Wasserwirtschaft.<\/p>\n\n\n\n<p>2019<\/p>\n\n\n\n<p>Masterarbeit: Aufdeckung und Klassi\ufb01kation von Datenquellen in der Wasserwirtschaft.<\/p>\n\n\n\n<p>2019<\/p>\n\n\n\n<p>Bachelorarbeit: Entwurf einer Datenbank als Grundlage f\u00fcr Wasserbedarfsprognosen.<\/p>\n\n\n\n<p>2019<\/p>\n\n\n\n<p>Bachelorarbeit: Nutzwertanalyse von Autorensoftware am Beispiel des Oldenburgisch-Ostfriesischen Wasserverbands.<\/p>\n\n\n\n<p>2019<\/p>\n\n\n\n<p>Masterarbeit: Konzeption und Entwicklung eines Vorgehensmodells zur Durchf\u00fchrung von langfristigen Wasserbedarfsprognosen<\/p>\n\n\n\n<p>2018<\/p>\n\n\n\n<p>Bachelorarbeit: Smart Contracts zur L\u00f6sung des Lastverteilungsproblems in der Wasserwirtschaft<\/p>\n\n\n\n<p>2018<\/p>\n\n\n\n<p>Bachelorarbeit: Wasserspeicherempfehlungssystem auf Grundlage der R\u00fcckgewinnungsmenge an Regenwasser \u00fcber Dach\ufb02\u00e4chen<\/p>\n\n\n\n<p>2018<\/p>\n\n\n\n<p>Bachelorarbeit: IT gest\u00fctzte Frageb\u00f6gen unter Einsatz von Gamification im Kontext des Wasserfu\u00dfabdrucks&nbsp;<\/p>\n","protected":false},"excerpt":{"rendered":"<p>Offene Abschlussarbeiten Masterarbeit: Energieleistungskennzahlen in der Wasserwirtschaft Bachelorarbeit: Prozessautomatisierung mit RPA zur Bearbeitung von Pr\u00fcfberichten Bachelorarbeit: Prozessautomatisierung mit RPA im Einkauf 4.0 Du hast eine eigene Idee und m\u00f6chtest sie gerne in der Forschungskooperation schreiben? Melde dich einfach bei marius.wybrands[at]uol.de Abgeschlossene Abschlussarbeiten laufend Masterarbeit: Validierung von numerischen Wettervorhersagen f\u00fcr das Verbandsgebiet eines Wasserversorgungsunternehmens laufend Masterarbeit: [&hellip;]<\/p>\n","protected":false},"author":2,"featured_media":0,"parent":0,"menu_order":0,"comment_status":"closed","ping_status":"closed","template":"","meta":{"footnotes":""},"class_list":["post-422","page","type-page","status-publish","hentry"],"_links":{"self":[{"href":"https:\/\/oowv.vlba.net\/index.php\/wp-json\/wp\/v2\/pages\/422","targetHints":{"allow":["GET"]}}],"collection":[{"href":"https:\/\/oowv.vlba.net\/index.php\/wp-json\/wp\/v2\/pages"}],"about":[{"href":"https:\/\/oowv.vlba.net\/index.php\/wp-json\/wp\/v2\/types\/page"}],"author":[{"embeddable":true,"href":"https:\/\/oowv.vlba.net\/index.php\/wp-json\/wp\/v2\/users\/2"}],"replies":[{"embeddable":true,"href":"https:\/\/oowv.vlba.net\/index.php\/wp-json\/wp\/v2\/comments?post=422"}],"version-history":[{"count":21,"href":"https:\/\/oowv.vlba.net\/index.php\/wp-json\/wp\/v2\/pages\/422\/revisions"}],"predecessor-version":[{"id":1121,"href":"https:\/\/oowv.vlba.net\/index.php\/wp-json\/wp\/v2\/pages\/422\/revisions\/1121"}],"wp:attachment":[{"href":"https:\/\/oowv.vlba.net\/index.php\/wp-json\/wp\/v2\/media?parent=422"}],"curies":[{"name":"wp","href":"https:\/\/api.w.org\/{rel}","templated":true}]}}