{"id":208,"date":"2019-04-06T17:13:29","date_gmt":"2019-04-06T17:13:29","guid":{"rendered":"http:\/\/oowv.vlba.net\/?page_id=208"},"modified":"2024-03-12T12:48:41","modified_gmt":"2024-03-12T11:48:41","slug":"projektgruppe","status":"publish","type":"page","link":"https:\/\/oowv.vlba.net\/index.php\/projektgruppe\/","title":{"rendered":"Projektgruppe"},"content":{"rendered":"\n<p>Die Projektgruppe im Sommersemester 2019 wird sich mit neuen Trends des Informations- und Datenmanagements besch\u00e4ftigen. Im Kontext verschiedener europ\u00e4ischer Initiativen (z. B. IN- SPIRE) sind Datensilos entstanden. Es bedarf neuer Konzepte, diese Daten f\u00fcr Unternehmen nutzbar zu machen und in den Unternehmenskontext einflie\u00dfen zu lassen. Gleichzeitig ver\u00e4ndern sich bestehende Konzepte der Datenhaltung im intraorganisatorischen Kontext. Der Fokus der Projektgruppe liegt auf semi- und unstrukturierten Daten. Flankiert werden diese technischen Entwicklungen durch politisch getriebene Restriktionen. Durch das Umweltinformationsgesetz k\u00f6nnen externe Stakeholder Umweltinformationen von Unternehmen einfordern. Dieses stellt Unternehmen und \u00f6ffentliche Beh\u00f6rden vor neue Herausforderungen. Bestehende Konzepte der Informationsverf\u00fcgbarkeit m\u00fcssen grundlegend \u00fcberarbeitet werden und an die neuen Herausforderungen angepasst werden. An dieser Stelle setzt die Problemstellung der Projektgruppe an. Am Beispiel von 1-3 Anwendungsf\u00e4llen aus der Wasserwirtschaft wird prototypisch gezeigt, wie diese mit neuen Technologien gel\u00f6st werden k\u00f6nnen.<\/p>\n\n\n\n<h5 class=\"wp-block-heading\">Zielsetzung<\/h5>\n\n\n\n<p>Das Ziel der Projektgruppe ist die Entwicklung eines Prototyps einer Daten- und Informations- plattform f\u00fcr die Wasserwirtschaft (Enterprise Smart Water Managemnt Plattform), der 2-3 Anwendungsf\u00e4lle des OOWV abdeckt. Die entstandene Software soll zudem erweiterbar und auf verschiedene Fachabteilungen \u00fcbertragbar sein.<\/p>\n\n\n\n<h5 class=\"wp-block-heading\">Organisatorisches<\/h5>\n\n\n\n<p>Die Projektgruppe WISdoM startet mit 12 Studierenden am 01.04.2019 und arbeitet ein Jahrlang ca. 16-20 Stunden pro Woche. Neben der Entwicklung eines Prototyps sind Seminararbei-ten, sowie Zwischen- und Abschlusspr\u00e4sentationen Inhalt des Projekts. Die Ergebnisse sollen auf Messen und beim Sch\u00fclerinfotag der Universit\u00e4t Oldenburg pr\u00e4sentiert werden. F\u00fcr die Betreuung sind Marius Wybrands (VLBA) und Stephan B\u00e4cker (OOWV) zust\u00e4ndig.<\/p>\n","protected":false},"excerpt":{"rendered":"<p>Die Projektgruppe im Sommersemester 2019 wird sich mit neuen Trends des Informations- und Datenmanagements besch\u00e4ftigen. Im Kontext verschiedener europ\u00e4ischer Initiativen (z. B. IN- SPIRE) sind Datensilos entstanden. Es bedarf neuer Konzepte, diese Daten f\u00fcr Unternehmen nutzbar zu machen und in den Unternehmenskontext einflie\u00dfen zu lassen. Gleichzeitig ver\u00e4ndern sich bestehende Konzepte der Datenhaltung im intraorganisatorischen Kontext. [&hellip;]<\/p>\n","protected":false},"author":4,"featured_media":0,"parent":0,"menu_order":0,"comment_status":"closed","ping_status":"closed","template":"","meta":{"footnotes":""},"class_list":["post-208","page","type-page","status-publish","hentry"],"_links":{"self":[{"href":"https:\/\/oowv.vlba.net\/index.php\/wp-json\/wp\/v2\/pages\/208","targetHints":{"allow":["GET"]}}],"collection":[{"href":"https:\/\/oowv.vlba.net\/index.php\/wp-json\/wp\/v2\/pages"}],"about":[{"href":"https:\/\/oowv.vlba.net\/index.php\/wp-json\/wp\/v2\/types\/page"}],"author":[{"embeddable":true,"href":"https:\/\/oowv.vlba.net\/index.php\/wp-json\/wp\/v2\/users\/4"}],"replies":[{"embeddable":true,"href":"https:\/\/oowv.vlba.net\/index.php\/wp-json\/wp\/v2\/comments?post=208"}],"version-history":[{"count":14,"href":"https:\/\/oowv.vlba.net\/index.php\/wp-json\/wp\/v2\/pages\/208\/revisions"}],"predecessor-version":[{"id":1128,"href":"https:\/\/oowv.vlba.net\/index.php\/wp-json\/wp\/v2\/pages\/208\/revisions\/1128"}],"wp:attachment":[{"href":"https:\/\/oowv.vlba.net\/index.php\/wp-json\/wp\/v2\/media?parent=208"}],"curies":[{"name":"wp","href":"https:\/\/api.w.org\/{rel}","templated":true}]}}